{"id":51648,"date":"2018-03-10T23:53:39","date_gmt":"2018-03-10T21:53:39","guid":{"rendered":"https:\/\/gartec.com.ua\/o-nas\/"},"modified":"2022-08-04T16:02:48","modified_gmt":"2022-08-04T14:02:48","slug":"o-nas","status":"publish","type":"page","link":"https:\/\/gartec.com.ua\/pl\/o-nas\/","title":{"rendered":"O nas"},"content":{"rendered":"<p>[et_pb_section fb_built=&#8221;1&#8243; admin_label=&#8221;Header Section&#8221; _builder_version=&#8221;3.22&#8243; use_background_color_gradient=&#8221;on&#8221; background_color_gradient_start=&#8221;#e9f0f6&#8243; background_color_gradient_end=&#8221;rgba(233,240,246,0.2)&#8221; background_color_gradient_overlays_image=&#8221;on&#8221; background_image=&#8221;https:\/\/gartec.com.ua\/wp-content\/uploads\/2018\/02\/gardening-background.jpg&#8221; custom_margin=&#8221;|||&#8221; custom_padding=&#8221;5%||10%|&#8221;][et_pb_row custom_padding_last_edited=&#8221;on|phone&#8221; admin_label=&#8221;Header Row&#8221; _builder_version=&#8221;3.25&#8243; background_size=&#8221;initial&#8221; background_position=&#8221;top_left&#8221; background_repeat=&#8221;repeat&#8221; custom_margin=&#8221;|||&#8221; custom_padding=&#8221;|||&#8221; custom_padding_phone=&#8221;3vw|||&#8221;][et_pb_column type=&#8221;4_4&#8243; _builder_version=&#8221;3.25&#8243; custom_padding=&#8221;|||&#8221; custom_padding__hover=&#8221;|||&#8221;][et_pb_text admin_label=&#8221;Title &#038; Paragraph&#8221; _builder_version=&#8221;3.26.6&#8243; text_text_color=&#8221;#0a0a0a&#8221; text_font_size=&#8221;20px&#8221; text_line_height=&#8221;1.8em&#8221; header_2_font=&#8221;|600|||||||&#8221; header_2_text_align=&#8221;center&#8221; header_2_text_color=&#8221;#0a0a0a&#8221; header_2_font_size=&#8221;40px&#8221; header_2_line_height=&#8221;1.4em&#8221; text_orientation=&#8221;center&#8221; max_width=&#8221;800px&#8221; max_width_last_edited=&#8221;off|desktop&#8221; module_alignment=&#8221;center&#8221; custom_margin=&#8221;|||&#8221; custom_padding=&#8221;|||&#8221; custom_padding_last_edited=&#8221;off|desktop&#8221; header_2_font_size_last_edited=&#8221;on|phone&#8221;]&nbsp;<\/p>\n<h2>Gartec jest wiod\u0105cym ukrai\u0144skim producentem kraw\u0119\u017cnik\u00f3w ogrodowych z tworzywa sztucznego, siatek plastikowych, p\u0142yt chodnikowych, a tak\u017ce materia\u0142\u00f3w do kszta\u0142towania krajobrazu.<\/h2>\n<p>Do produkcji u\u017cywamy nowoczesnego sprz\u0119tu i wysokiej jako\u015bci surowc\u00f3w, co zapewnia doskona\u0142\u0105 jako\u015b\u0107 produktu.<\/p>\n<p>&nbsp;<br \/>\n[\/et_pb_text][\/et_pb_column][\/et_pb_row][\/et_pb_section][et_pb_section fb_built=&#8221;1&#8243; admin_label=&#8221;Design Process Section&#8221; _builder_version=&#8221;3.22&#8243; custom_padding=&#8221;50px|0px|50px|0px&#8221;][et_pb_row admin_label=&#8221;Design Process Row&#8221; _builder_version=&#8221;3.25&#8243;][et_pb_column type=&#8221;4_4&#8243; _builder_version=&#8221;3.25&#8243; custom_padding=&#8221;|||&#8221; custom_padding__hover=&#8221;|||&#8221;][et_pb_text admin_label=&#8221;Title &#038; Paragraph&#8221; _builder_version=&#8221;3.0.100&#8243; text_font=&#8221;Muli|600|||||||&#8221; text_font_size=&#8221;18px&#8221; text_line_height=&#8221;1.8em&#8221; header_text_align=&#8221;center&#8221; header_2_font=&#8221;|600|||||||&#8221; header_2_text_align=&#8221;center&#8221; header_2_font_size=&#8221;40px&#8221; header_2_line_height=&#8221;1.4em&#8221; text_orientation=&#8221;center&#8221; max_width=&#8221;800px&#8221; max_width_last_edited=&#8221;off|desktop&#8221; module_alignment=&#8221;center&#8221; custom_margin=&#8221;|||&#8221; custom_padding=&#8221;|||&#8221; custom_padding_last_edited=&#8221;off|desktop&#8221; header_2_font_size_last_edited=&#8221;on|phone&#8221;]&nbsp;<\/p>\n<h2>W naszym asortymencie s\u0105 prezentowane:<\/h2>\n<p>&nbsp;<br \/>\n[\/et_pb_text][\/et_pb_column][\/et_pb_row][et_pb_row admin_label=&#8221;Process Row&#8221; _builder_version=&#8221;3.25&#8243; custom_padding=&#8221;13px|0px|0px|0px&#8221; column_structure=&#8221;1_3,1_3,1_3&#8243;][et_pb_column type=&#8221;1_3&#8243; _builder_version=&#8221;3.25&#8243; custom_padding=&#8221;|||&#8221; custom_padding__hover=&#8221;|||&#8221;][et_pb_blurb title=&#8221;Plastikowa siatka&#8221; url=&#8221;\/ru\/product-category\/plastikovaya-setka\/&#8221; use_icon=&#8221;on&#8221; font_icon=&#8221;%%356%%&#8221; icon_placement=&#8221;left&#8221; use_icon_font_size=&#8221;on&#8221; icon_font_size=&#8221;30px&#8221; admin_label=&#8221;Process&#8221; _builder_version=&#8221;3.26.6&#8243; header_font=&#8221;|600|||||||&#8221; header_text_align=&#8221;left&#8221; header_text_color=&#8221;#0a0a0a&#8221; header_font_size=&#8221;20px&#8221; header_line_height=&#8221;1.4em&#8221; body_font=&#8221;|600|||||||&#8221; body_text_align=&#8221;center&#8221; body_text_color=&#8221;#0a0a0a&#8221; body_line_height=&#8221;1.6em&#8221; border_width_all_image=&#8221;4px&#8221; border_color_all_image=&#8221;#f4583f&#8221;][\/et_pb_blurb][\/et_pb_column][et_pb_column type=&#8221;1_3&#8243; _builder_version=&#8221;3.25&#8243; custom_padding=&#8221;|||&#8221; custom_padding__hover=&#8221;|||&#8221;][et_pb_blurb title=&#8221;P\u0142yty chodnikowe&#8221; use_icon=&#8221;on&#8221; font_icon=&#8221;%%356%%&#8221; icon_placement=&#8221;left&#8221; use_icon_font_size=&#8221;on&#8221; icon_font_size=&#8221;30px&#8221; admin_label=&#8221;Process&#8221; _builder_version=&#8221;3.26.6&#8243; header_font=&#8221;|600|||||||&#8221; header_text_align=&#8221;left&#8221; header_text_color=&#8221;#0a0a0a&#8221; header_font_size=&#8221;20px&#8221; header_line_height=&#8221;1.4em&#8221; body_font=&#8221;|600|||||||&#8221; body_text_align=&#8221;left&#8221; body_text_color=&#8221;#0a0a0a&#8221; body_line_height=&#8221;1.6em&#8221; border_width_all_image=&#8221;4px&#8221; border_color_all_image=&#8221;#f4583f&#8221;][\/et_pb_blurb][\/et_pb_column][et_pb_column type=&#8221;1_3&#8243; _builder_version=&#8221;3.25&#8243; custom_padding=&#8221;|||&#8221; custom_padding__hover=&#8221;|||&#8221;][et_pb_blurb title=&#8221;Agrofiber&#8221; url=&#8221;\/ru\/product-category\/agrovolokno\/&#8221; use_icon=&#8221;on&#8221; font_icon=&#8221;%%356%%&#8221; icon_placement=&#8221;left&#8221; use_icon_font_size=&#8221;on&#8221; icon_font_size=&#8221;30px&#8221; admin_label=&#8221;Process&#8221; _builder_version=&#8221;3.26.6&#8243; header_font=&#8221;|600|||||||&#8221; header_text_align=&#8221;left&#8221; header_text_color=&#8221;#0a0a0a&#8221; header_font_size=&#8221;20px&#8221; header_line_height=&#8221;1.4em&#8221; body_font=&#8221;|600|||||||&#8221; body_text_align=&#8221;center&#8221; body_text_color=&#8221;#0a0a0a&#8221; body_line_height=&#8221;1.6em&#8221; border_width_all_image=&#8221;4px&#8221; border_color_all_image=&#8221;#f4583f&#8221;][\/et_pb_blurb][\/et_pb_column][\/et_pb_row][et_pb_row admin_label=&#8221;Process Row&#8221; _builder_version=&#8221;3.25&#8243; custom_padding=&#8221;0px|0px|13px|0px&#8221; column_structure=&#8221;1_2,1_2&#8243;][et_pb_column type=&#8221;1_2&#8243; _builder_version=&#8221;3.25&#8243; custom_padding=&#8221;|||&#8221; custom_padding__hover=&#8221;|||&#8221;][et_pb_blurb title=&#8221;Plastikowe kraw\u0119\u017cniki ogrodowe&#8221; url=&#8221;\/ru\/product-category\/ekobordur\/&#8221; use_icon=&#8221;on&#8221; font_icon=&#8221;%%356%%&#8221; icon_placement=&#8221;left&#8221; use_icon_font_size=&#8221;on&#8221; icon_font_size=&#8221;30px&#8221; admin_label=&#8221;Process&#8221; _builder_version=&#8221;3.26.6&#8243; header_font=&#8221;|600|||||||&#8221; header_text_align=&#8221;left&#8221; header_text_color=&#8221;#0a0a0a&#8221; header_font_size=&#8221;20px&#8221; header_line_height=&#8221;1.4em&#8221; body_font=&#8221;|600|||||||&#8221; body_text_align=&#8221;center&#8221; body_text_color=&#8221;#0a0a0a&#8221; body_line_height=&#8221;1.6em&#8221; border_width_all_image=&#8221;4px&#8221; border_color_all_image=&#8221;#f4583f&#8221;][\/et_pb_blurb][\/et_pb_column][et_pb_column type=&#8221;1_2&#8243; _builder_version=&#8221;3.25&#8243; custom_padding=&#8221;|||&#8221; custom_padding__hover=&#8221;|||&#8221;][et_pb_blurb title=&#8221;P\u0142yta gipsowa pi\u00f3ro-wpust&#8221; url=&#8221;\/ru\/product-category\/gipsoplita\/&#8221; use_icon=&#8221;on&#8221; font_icon=&#8221;%%356%%&#8221; icon_placement=&#8221;left&#8221; use_icon_font_size=&#8221;on&#8221; icon_font_size=&#8221;30px&#8221; admin_label=&#8221;Process&#8221; _builder_version=&#8221;3.26.6&#8243; header_font=&#8221;|600|||||||&#8221; header_text_align=&#8221;left&#8221; header_text_color=&#8221;#0a0a0a&#8221; header_font_size=&#8221;20px&#8221; header_line_height=&#8221;1.4em&#8221; body_font=&#8221;|600|||||||&#8221; body_text_align=&#8221;center&#8221; body_text_color=&#8221;#0a0a0a&#8221; body_line_height=&#8221;1.6em&#8221; border_width_all_image=&#8221;4px&#8221; border_color_all_image=&#8221;#f4583f&#8221;][\/et_pb_blurb][\/et_pb_column][\/et_pb_row][\/et_pb_section][et_pb_section fb_built=&#8221;1&#8243; admin_label=&#8221;Our Story Section&#8221; _builder_version=&#8221;3.22&#8243; custom_padding=&#8221;0px|0px|0px|0px&#8221;][et_pb_row use_custom_gutter=&#8221;on&#8221; gutter_width=&#8221;1&#8243; make_equal=&#8221;on&#8221; admin_label=&#8221;Our Story Row&#8221; module_class=&#8221; et_pb_row_fullwidth&#8221; _builder_version=&#8221;3.25&#8243; width=&#8221;100%&#8221; width_tablet=&#8221;100%&#8221; width_last_edited=&#8221;on|desktop&#8221; max_width=&#8221;100%&#8221; max_width_tablet=&#8221;100%&#8221; max_width_last_edited=&#8221;on|desktop&#8221; custom_margin=&#8221;|||&#8221; custom_padding=&#8221;0px|0px|0px|0px&#8221; make_fullwidth=&#8221;on&#8221; column_structure=&#8221;1_2,1_2&#8243;][et_pb_column type=&#8221;1_2&#8243; _builder_version=&#8221;3.25&#8243; background_color=&#8221;#0f6837&#8243; custom_padding=&#8221;|||&#8221; custom_padding__hover=&#8221;|||&#8221;][et_pb_text admin_label=&#8221;Title&#8221; _builder_version=&#8221;3.0.100&#8243; text_font=&#8221;|600|||||||&#8221; text_text_color=&#8221;rgba(255,255,255,0.9)&#8221; text_font_size=&#8221;18px&#8221; text_line_height=&#8221;1.8em&#8221; header_2_font=&#8221;Muli|700|||||||&#8221; header_2_text_color=&#8221;#ffffff&#8221; header_2_font_size=&#8221;50px&#8221; header_2_line_height=&#8221;1.4em&#8221; background_layout=&#8221;dark&#8221; max_width=&#8221;600px&#8221; max_width_phone=&#8221;100%&#8221; max_width_last_edited=&#8221;on|tablet&#8221; module_alignment=&#8221;right&#8221; custom_margin=&#8221;|||&#8221; custom_padding=&#8221;100px|60px|100px|60px&#8221; custom_padding_last_edited=&#8221;off|desktop&#8221; header_font_size_last_edited=&#8221;on|desktop&#8221; header_2_font_size_phone=&#8221;40px&#8221; header_2_font_size_last_edited=&#8221;on|phone&#8221;]<\/p>\n<p>Gartec stale poszerza gam\u0119 produkt\u00f3w, kt\u00f3re spe\u0142niaj\u0105 wsp\u00f3\u0142czesne wymagania rynku i \u017cyczenia klient\u00f3w. Dlatego zawsze ch\u0119tnie otrzymujemy Twoje sugestie i uwagi dotycz\u0105ce asortymentu i pracy firmy.<\/p>\n<p>[\/et_pb_text][\/et_pb_column][et_pb_column type=&#8221;1_2&#8243; _builder_version=&#8221;3.25&#8243; custom_padding=&#8221;|||&#8221; custom_padding__hover=&#8221;|||&#8221;][et_pb_image src=&#8221;https:\/\/gartec.com.ua\/wp-content\/uploads\/2018\/02\/86-3.jpg&#8221; align_tablet=&#8221;center&#8221; align_last_edited=&#8221;on|desktop&#8221; _builder_version=&#8221;3.23&#8243; background_position=&#8221;top_left&#8221; max_width_last_edited=&#8221;on|desktop&#8221; module_alignment=&#8221;left&#8221;][\/et_pb_image][\/et_pb_column][\/et_pb_row][\/et_pb_section][et_pb_section fb_built=&#8221;1&#8243; admin_label=&#8221;Our Story Section&#8221; _builder_version=&#8221;3.22&#8243; custom_padding=&#8221;0px|0px|0px|0px&#8221;][et_pb_row use_custom_gutter=&#8221;on&#8221; gutter_width=&#8221;1&#8243; make_equal=&#8221;on&#8221; admin_label=&#8221;Our Story Row&#8221; module_class=&#8221; et_pb_row_fullwidth&#8221; _builder_version=&#8221;3.25&#8243; width=&#8221;100%&#8221; width_tablet=&#8221;100%&#8221; width_last_edited=&#8221;on|desktop&#8221; max_width=&#8221;100%&#8221; max_width_tablet=&#8221;100%&#8221; max_width_last_edited=&#8221;on|desktop&#8221; custom_margin=&#8221;|||&#8221; custom_padding=&#8221;0px|0px|0px|0px&#8221; make_fullwidth=&#8221;on&#8221; column_structure=&#8221;1_2,1_2&#8243;][et_pb_column type=&#8221;1_2&#8243; _builder_version=&#8221;3.25&#8243; custom_padding=&#8221;|||&#8221; custom_padding__hover=&#8221;|||&#8221;][et_pb_image src=&#8221;https:\/\/gartec.com.ua\/wp-content\/uploads\/2018\/02\/delivery.jpg&#8221; align_tablet=&#8221;center&#8221; align_last_edited=&#8221;on|desktop&#8221; _builder_version=&#8221;3.23&#8243; background_position=&#8221;top_left&#8221; max_width_last_edited=&#8221;on|desktop&#8221; module_alignment=&#8221;left&#8221;][\/et_pb_image][\/et_pb_column][et_pb_column type=&#8221;1_2&#8243; _builder_version=&#8221;3.25&#8243; background_color=&#8221;#0f6837&#8243; custom_padding=&#8221;|||&#8221; custom_padding__hover=&#8221;|||&#8221;][et_pb_text admin_label=&#8221;Title&#8221; _builder_version=&#8221;3.0.100&#8243; text_font=&#8221;|600|||||||&#8221; text_text_color=&#8221;rgba(255,255,255,0.9)&#8221; text_font_size=&#8221;18px&#8221; text_line_height=&#8221;1.8em&#8221; header_2_font=&#8221;Muli|700|||||||&#8221; header_2_text_color=&#8221;#ffffff&#8221; header_2_font_size=&#8221;50px&#8221; header_2_line_height=&#8221;1.4em&#8221; background_layout=&#8221;dark&#8221; max_width=&#8221;600px&#8221; max_width_phone=&#8221;100%&#8221; max_width_last_edited=&#8221;on|tablet&#8221; module_alignment=&#8221;right&#8221; custom_margin=&#8221;|||&#8221; custom_padding=&#8221;100px|120px|100px|&#8221; custom_padding_last_edited=&#8221;off|desktop&#8221; header_font_size_last_edited=&#8221;on|desktop&#8221; header_2_font_size_phone=&#8221;40px&#8221; header_2_font_size_last_edited=&#8221;on|phone&#8221;]<\/p>\n<p>Zapewniamy dostaw\u0119 produkt\u00f3w przez przewo\u017anik\u00f3w transportowych, takich jak New Mail, Mist Express, Intime<br \/> (z taryfami mo\u017cna znale\u017a\u0107 na stronach internetowych przewo\u017anik\u00f3w).<\/p>\n<p>[\/et_pb_text][\/et_pb_column][\/et_pb_row][\/et_pb_section]<\/p>\n","protected":false},"excerpt":{"rendered":"<p>&nbsp; Gartec jest wiod\u0105cym ukrai\u0144skim producentem kraw\u0119\u017cnik\u00f3w ogrodowych z tworzywa sztucznego, siatek plastikowych, p\u0142yt chodnikowych, a tak\u017ce materia\u0142\u00f3w do kszta\u0142towania krajobrazu. Do produkcji u\u017cywamy nowoczesnego sprz\u0119tu i wysokiej jako\u015bci surowc\u00f3w, co zapewnia doskona\u0142\u0105 jako\u015b\u0107 produktu. &nbsp; &nbsp; W naszym asortymencie s\u0105 prezentowane: &nbsp; Gartec stale poszerza gam\u0119 produkt\u00f3w, kt\u00f3re spe\u0142niaj\u0105 wsp\u00f3\u0142czesne wymagania rynku i \u017cyczenia [&hellip;]<\/p>\n","protected":false},"author":1,"featured_media":0,"parent":0,"menu_order":0,"comment_status":"closed","ping_status":"closed","template":"","meta":{"_et_pb_use_builder":"on","_et_pb_old_content":"","_et_gb_content_width":"","jetpack_post_was_ever_published":false,"footnotes":""},"class_list":["post-51648","page","type-page","status-publish","hentry"],"jetpack_sharing_enabled":true,"jetpack_shortlink":"https:\/\/wp.me\/P9rm21-dr2","_links":{"self":[{"href":"https:\/\/gartec.com.ua\/pl\/wp-json\/wp\/v2\/pages\/51648","targetHints":{"allow":["GET"]}}],"collection":[{"href":"https:\/\/gartec.com.ua\/pl\/wp-json\/wp\/v2\/pages"}],"about":[{"href":"https:\/\/gartec.com.ua\/pl\/wp-json\/wp\/v2\/types\/page"}],"author":[{"embeddable":true,"href":"https:\/\/gartec.com.ua\/pl\/wp-json\/wp\/v2\/users\/1"}],"replies":[{"embeddable":true,"href":"https:\/\/gartec.com.ua\/pl\/wp-json\/wp\/v2\/comments?post=51648"}],"version-history":[{"count":0,"href":"https:\/\/gartec.com.ua\/pl\/wp-json\/wp\/v2\/pages\/51648\/revisions"}],"wp:attachment":[{"href":"https:\/\/gartec.com.ua\/pl\/wp-json\/wp\/v2\/media?parent=51648"}],"curies":[{"name":"wp","href":"https:\/\/api.w.org\/{rel}","templated":true}]}}