{"id":51312,"date":"2018-01-19T02:06:33","date_gmt":"2018-01-19T00:06:33","guid":{"rendered":"https:\/\/gartec.com.ua\/product\/%d1%81%d0%b5%d1%82%d0%ba%d0%b0-%d0%be%d1%82-%d0%ba%d1%80%d0%be%d1%82%d0%be%d0%b2-6%d1%858-%d0%bc%d0%bc\/"},"modified":"2024-08-19T16:57:26","modified_gmt":"2024-08-19T14:57:26","slug":"setka-ot-krotov-6h8-mm","status":"publish","type":"product","link":"https:\/\/gartec.com.ua\/pl\/produkt\/setka-ot-krotov-6h8-mm\/","title":{"rendered":"Siatka z moli 6&#215;8 mm"},"content":{"rendered":"<p>Siatka jest skuteczn\u0105 ochron\u0105 przed molami, pomaga zachowa\u0107 integralno\u015b\u0107 trawnika, dzia\u0142ki ogrodowej, \u0142\u00f3\u017cka. Dzi\u0119ki p\u0142ytkiej celi (8&#215;9 mm) gryzonie nie mog\u0105 wyp\u0142yn\u0105\u0107 na powierzchni\u0119, co powoduje ich &#8222;odej\u015bcie&#8221; z miejsca.<\/p>\n<p>Siatk\u0119 uk\u0142ada si\u0119 bezpo\u015brednio przed u\u0142o\u017ceniem lub sianiem trawnika na przygotowanej, r\u00f3wnej glebie. Nast\u0119pnie sie\u0107 powinna by\u0107 pokryta warstw\u0105 gleby o grubo\u015bci 5 cm.<\/p>\n","protected":false},"excerpt":{"rendered":"<p><strong>Szeroko\u015b\u0107:<\/strong> 1,5 m<br \/>\n<strong>D\u0142ugo\u015b\u0107:<\/strong> 30 m<br \/>\n<strong>Rozmiar kom\u00f3rki:<\/strong> 8\u04459 mm<br \/>\n<strong>Waga:<\/strong>\u00a015 kg<br \/>\n<strong>Kolor:<\/strong> czarny<br \/>\n<strong>Materia\u0142:<\/strong> polietylen<br \/>\n<strong>Wielo\u015b\u0107 przesy\u0142ek:<\/strong> 1 rolka = 45 m\u00b2<br \/>\n<strong>Producent:<\/strong> VK Gartek LLC, Ukraina<br \/>\nWyprodukowano zgodnie z TU 11-06-24<br \/>\nCena dotyczy jednej rolki<\/p>\n","protected":false},"featured_media":52293,"comment_status":"open","ping_status":"closed","template":"","meta":{"_et_pb_use_builder":"","_et_pb_old_content":"","_et_gb_content_width":"","jetpack_post_was_ever_published":false,"jetpack_publicize_message":"","jetpack_publicize_feature_enabled":true,"jetpack_social_post_already_shared":true,"jetpack_social_options":{"image_generator_settings":{"template":"highway","default_image_id":0,"font":"","enabled":false},"version":2}},"product_cat":[57],"product_tag":[],"class_list":["post-51312","product","type-product","status-publish","has-post-thumbnail","hentry","product_cat-plastikowa-siatka"],"jetpack_publicize_connections":[],"jetpack_sharing_enabled":true,"_links":{"self":[{"href":"https:\/\/gartec.com.ua\/pl\/wp-json\/wp\/v3\/product\/51312","targetHints":{"allow":["GET"]}}],"collection":[{"href":"https:\/\/gartec.com.ua\/pl\/wp-json\/wp\/v3\/product"}],"about":[{"href":"https:\/\/gartec.com.ua\/pl\/wp-json\/wp\/v2\/types\/product"}],"replies":[{"embeddable":true,"href":"https:\/\/gartec.com.ua\/pl\/wp-json\/wp\/v2\/comments?post=51312"}],"wp:featuredmedia":[{"embeddable":true,"href":"https:\/\/gartec.com.ua\/pl\/wp-json\/wp\/v2\/media\/52293"}],"wp:attachment":[{"href":"https:\/\/gartec.com.ua\/pl\/wp-json\/wp\/v2\/media?parent=51312"}],"wp:term":[{"taxonomy":"product_cat","embeddable":true,"href":"https:\/\/gartec.com.ua\/pl\/wp-json\/wp\/v2\/product_cat?post=51312"},{"taxonomy":"product_tag","embeddable":true,"href":"https:\/\/gartec.com.ua\/pl\/wp-json\/wp\/v2\/product_tag?post=51312"}],"curies":[{"name":"wp","href":"https:\/\/api.w.org\/{rel}","templated":true}]}}