{"id":51329,"date":"2018-01-19T01:55:47","date_gmt":"2018-01-18T23:55:47","guid":{"rendered":"https:\/\/gartec.com.ua\/product\/%d0%b0%d0%b3%d1%80%d0%be%d0%b2%d0%be%d0%bb%d0%be%d0%ba%d0%bd%d0%be-%d0%bc%d1%83%d0%bb%d1%8c%d1%87%d0%b8%d1%80%d1%83%d1%8e%d1%89%d0%b5%d0%b5-50-%d0%b3%d1%80%d0%b0%d0%bc-%d0%bc-%d0%ba%d0%b2\/"},"modified":"2022-08-04T15:41:26","modified_gmt":"2022-08-04T13:41:26","slug":"mulching-z-wlokna-szklanego-50-g-m","status":"publish","type":"product","link":"https:\/\/gartec.com.ua\/pl\/produkt\/mulching-z-wlokna-szklanego-50-g-m\/","title":{"rendered":"Mulching z w\u0142\u00f3kna szklanego 50 g\/m\u00b2"},"content":{"rendered":"<p>\u015aci\u00f3\u0142kowanie (czarny) &#8211; agrovolokno do pokrycia ziemi. Jest przeznaczony do ochrony systemu korzeniowego przed mrozem i przyspieszenia ocieplenia gleby na wiosn\u0119. Zapobiega wzrostowi chwast\u00f3w na dzia\u0142kach gospodarstwa domowego, polach, a tak\u017ce zmniejsza parowanie wilgoci, konserwuje owoce i jagody w czysto\u015bci. Materia\u0142 ten jest przyjaznym dla \u015brodowiska, lekkim i mocnym w\u0142\u00f3knin\u0105, z dodatkiem do stabilizacji UV.<\/p>\n","protected":false},"excerpt":{"rendered":"<p>&nbsp;<\/p>\n<p><b>Kraj pochodzenia:<\/b> Ukraina<br \/>\n<b>G\u0119sto\u015b\u0107: <\/b>50 g \/ m\u00b2<br \/>\n<b>Szeroko\u015b\u0107:<\/b> 3,2 m<br \/>\n<b>D\u0142ugo\u015b\u0107:<\/b> 100 m<br \/>\n<b>Kolor:<\/b> czarny<\/p>\n","protected":false},"featured_media":51334,"comment_status":"open","ping_status":"closed","template":"","meta":{"_et_pb_use_builder":"","_et_pb_old_content":"","_et_gb_content_width":"","jetpack_post_was_ever_published":false,"jetpack_publicize_message":"","jetpack_publicize_feature_enabled":true,"jetpack_social_post_already_shared":true,"jetpack_social_options":{"image_generator_settings":{"template":"highway","default_image_id":0,"font":"","enabled":false},"version":2}},"product_cat":[47],"product_tag":[],"class_list":["post-51329","product","type-product","status-publish","has-post-thumbnail","hentry","product_cat-wlokno-agro"],"jetpack_publicize_connections":[],"jetpack_sharing_enabled":true,"_links":{"self":[{"href":"https:\/\/gartec.com.ua\/pl\/wp-json\/wp\/v3\/product\/51329","targetHints":{"allow":["GET"]}}],"collection":[{"href":"https:\/\/gartec.com.ua\/pl\/wp-json\/wp\/v3\/product"}],"about":[{"href":"https:\/\/gartec.com.ua\/pl\/wp-json\/wp\/v2\/types\/product"}],"replies":[{"embeddable":true,"href":"https:\/\/gartec.com.ua\/pl\/wp-json\/wp\/v2\/comments?post=51329"}],"wp:featuredmedia":[{"embeddable":true,"href":"https:\/\/gartec.com.ua\/pl\/wp-json\/wp\/v2\/media\/51334"}],"wp:attachment":[{"href":"https:\/\/gartec.com.ua\/pl\/wp-json\/wp\/v2\/media?parent=51329"}],"wp:term":[{"taxonomy":"product_cat","embeddable":true,"href":"https:\/\/gartec.com.ua\/pl\/wp-json\/wp\/v2\/product_cat?post=51329"},{"taxonomy":"product_tag","embeddable":true,"href":"https:\/\/gartec.com.ua\/pl\/wp-json\/wp\/v2\/product_tag?post=51329"}],"curies":[{"name":"wp","href":"https:\/\/api.w.org\/{rel}","templated":true}]}}