{"id":52025,"date":"2019-06-24T16:56:16","date_gmt":"2019-06-24T14:56:16","guid":{"rendered":"https:\/\/gartec.com.ua\/?post_type=product&#038;p=52025"},"modified":"2024-08-19T17:14:13","modified_gmt":"2024-08-19T15:14:13","slug":"uchwyt-rurki-kroplowki-h19-mm","status":"publish","type":"product","link":"https:\/\/gartec.com.ua\/pl\/produkt\/uchwyt-rurki-kroplowki-h19-mm\/","title":{"rendered":"Uchwyt rurki kropl\u00f3wki H19 cm"},"content":{"rendered":"<p>Uchwyt s\u0142u\u017cy do przymocowania rurki \u015bciekowej do pod\u0142o\u017ca. Uchwyt jest opuszczany do gleby i nie pozwala na swobodny ruch rurki \u015bciekowej. Wykonany jest z polipropylenu.<\/p>\n","protected":false},"excerpt":{"rendered":"<p><strong>Parametry:<\/strong><br \/>\n<strong>Wysoko\u015b\u0107:<\/strong> 19 cm<br \/>\n<strong>Szeroko\u015b\u0107:<\/strong> 30 mm<br \/>\n<strong>Waga netto:<\/strong> 0,01 kg (+ 5%)<br \/>\n<strong>Producent:<\/strong> VK Gartek LLC, Ukraina<br \/>\nWyprodukowano zgodnie z norm\u0105 TU 10-06-24<\/p>\n","protected":false},"featured_media":52029,"comment_status":"open","ping_status":"closed","template":"","meta":{"_et_pb_use_builder":"","_et_pb_old_content":"","_et_gb_content_width":"","jetpack_post_was_ever_published":false,"jetpack_publicize_message":"","jetpack_publicize_feature_enabled":true,"jetpack_social_post_already_shared":true,"jetpack_social_options":{"image_generator_settings":{"template":"highway","default_image_id":0,"font":"","enabled":false},"version":2}},"product_cat":[47],"product_tag":[],"class_list":["post-52025","product","type-product","status-publish","has-post-thumbnail","hentry","product_cat-wlokno-agro"],"jetpack_publicize_connections":[],"jetpack_sharing_enabled":true,"_links":{"self":[{"href":"https:\/\/gartec.com.ua\/pl\/wp-json\/wp\/v3\/product\/52025","targetHints":{"allow":["GET"]}}],"collection":[{"href":"https:\/\/gartec.com.ua\/pl\/wp-json\/wp\/v3\/product"}],"about":[{"href":"https:\/\/gartec.com.ua\/pl\/wp-json\/wp\/v2\/types\/product"}],"replies":[{"embeddable":true,"href":"https:\/\/gartec.com.ua\/pl\/wp-json\/wp\/v2\/comments?post=52025"}],"wp:featuredmedia":[{"embeddable":true,"href":"https:\/\/gartec.com.ua\/pl\/wp-json\/wp\/v2\/media\/52029"}],"wp:attachment":[{"href":"https:\/\/gartec.com.ua\/pl\/wp-json\/wp\/v2\/media?parent=52025"}],"wp:term":[{"taxonomy":"product_cat","embeddable":true,"href":"https:\/\/gartec.com.ua\/pl\/wp-json\/wp\/v2\/product_cat?post=52025"},{"taxonomy":"product_tag","embeddable":true,"href":"https:\/\/gartec.com.ua\/pl\/wp-json\/wp\/v2\/product_tag?post=52025"}],"curies":[{"name":"wp","href":"https:\/\/api.w.org\/{rel}","templated":true}]}}