{"id":52037,"date":"2019-06-24T17:09:49","date_gmt":"2019-06-24T15:09:49","guid":{"rendered":"https:\/\/gartec.com.ua\/?post_type=product&#038;p=52037"},"modified":"2024-08-21T11:13:47","modified_gmt":"2024-08-21T09:13:47","slug":"pokrywy-do-montazu-plyty-pilsniowej","status":"publish","type":"product","link":"https:\/\/gartec.com.ua\/pl\/produkt\/pokrywy-do-montazu-plyty-pilsniowej\/","title":{"rendered":"Pokrywy do monta\u017cu p\u0142yty pil\u015bniowej"},"content":{"rendered":"<p>Stos s\u0142u\u017cy do mocowania agrofibry, geotekstyli\u00f3w, folii i innych materia\u0142\u00f3w pokrywaj\u0105cych na powierzchni gleby. <br \/><strong>Zalety:<\/strong> <br \/>&#8211; nietoksyczno\u015b\u0107, odporno\u015b\u0107 na dzia\u0142anie promieni ultrafioletowych, wilgo\u0107, ple\u015b\u0144 i inne negatywne czynniki. <br \/>&#8211; Lekka i niezawodna instalacja <br \/>&#8211; Nieograniczony okres przechowywania<\/p>\n","protected":false},"excerpt":{"rendered":"<p><strong>Wysoko\u015b\u0107:<\/strong> 19 cm<br \/><strong>Szeroko\u015b\u0107:<\/strong> 30 mm<br \/><strong>Masa netto:<\/strong> 0.01 kg (+ 5%)<br \/><strong>Wykonane z polipropylenu<br \/>Producent:<\/strong> VK Gartek LLC, Ukraina<br \/>Wyprodukowano zgodnie z norm\u0105 TU 10-06-24<\/p>\n","protected":false},"featured_media":52041,"comment_status":"open","ping_status":"closed","template":"","meta":{"_et_pb_use_builder":"","_et_pb_old_content":"","_et_gb_content_width":"","jetpack_post_was_ever_published":false,"jetpack_publicize_message":"","jetpack_publicize_feature_enabled":true,"jetpack_social_post_already_shared":true,"jetpack_social_options":{"image_generator_settings":{"template":"highway","default_image_id":0,"font":"","enabled":false},"version":2}},"product_cat":[47],"product_tag":[],"class_list":["post-52037","product","type-product","status-publish","has-post-thumbnail","hentry","product_cat-wlokno-agro"],"jetpack_publicize_connections":[],"jetpack_sharing_enabled":true,"_links":{"self":[{"href":"https:\/\/gartec.com.ua\/pl\/wp-json\/wp\/v3\/product\/52037","targetHints":{"allow":["GET"]}}],"collection":[{"href":"https:\/\/gartec.com.ua\/pl\/wp-json\/wp\/v3\/product"}],"about":[{"href":"https:\/\/gartec.com.ua\/pl\/wp-json\/wp\/v2\/types\/product"}],"replies":[{"embeddable":true,"href":"https:\/\/gartec.com.ua\/pl\/wp-json\/wp\/v2\/comments?post=52037"}],"wp:featuredmedia":[{"embeddable":true,"href":"https:\/\/gartec.com.ua\/pl\/wp-json\/wp\/v2\/media\/52041"}],"wp:attachment":[{"href":"https:\/\/gartec.com.ua\/pl\/wp-json\/wp\/v2\/media?parent=52037"}],"wp:term":[{"taxonomy":"product_cat","embeddable":true,"href":"https:\/\/gartec.com.ua\/pl\/wp-json\/wp\/v2\/product_cat?post=52037"},{"taxonomy":"product_tag","embeddable":true,"href":"https:\/\/gartec.com.ua\/pl\/wp-json\/wp\/v2\/product_tag?post=52037"}],"curies":[{"name":"wp","href":"https:\/\/api.w.org\/{rel}","templated":true}]}}