{"id":52268,"date":"2022-07-21T12:35:17","date_gmt":"2022-07-21T10:35:18","guid":{"rendered":"https:\/\/gartec.com.ua\/?post_type=product&#038;p=52268"},"modified":"2022-08-04T16:09:30","modified_gmt":"2022-08-04T14:09:30","slug":"plyta-gipsowa-pioro-wpust","status":"publish","type":"product","link":"https:\/\/gartec.com.ua\/pl\/produkt\/plyta-gipsowa-pioro-wpust\/","title":{"rendered":"P\u0142yta gipsowa pi\u00f3ro-wpust"},"content":{"rendered":"<p>P\u0142yta gipsowo-kalenicowa Gartec to monolityczny wyr\u00f3b o prostok\u0105tnym r\u00f3wnoleg\u0142o\u015bcianie, wyposa\u017cony w specjalne po\u0142\u0105czenie zamkowe typu \u201egrow-kalenica\u201d. Wyr\u00f3\u017cniaj\u0105 si\u0119 wysokiej jako\u015bci obr\u00f3bk\u0105 przedniej powierzchni p\u0142yt, co pozwala na dekoracyjn\u0105 dekoracj\u0119 \u015bcianek dzia\u0142owych natychmiast po pracach instalacyjnych i u\u0142o\u017ceniu po\u0142\u0105cze\u0144 szw\u00f3w.<\/p>\n<p>P\u0142yty mo\u017cna \u0142atwo obrabia\u0107 mechanicznie: mo\u017cna je wierci\u0107, ci\u0105\u0107, pi\u0142owa\u0107 itp.<\/p>\n","protected":false},"excerpt":{"rendered":"<p>&nbsp;<\/p>\n<p><strong>Producent<\/strong>: Ukraina Gartec<br \/>\n<strong>Rozmiar<\/strong>: 667x500mm<br \/>\n<strong>Grubo\u015b\u0107<\/strong>: 80mm<br \/>\nbia\u0142y <strong>kolor<\/strong><br \/>\n<strong>Materia\u0142<\/strong>: gips<\/p>\n","protected":false},"featured_media":52271,"comment_status":"open","ping_status":"closed","template":"","meta":{"_et_pb_use_builder":"","_et_pb_old_content":"","_et_gb_content_width":"","jetpack_post_was_ever_published":false,"jetpack_publicize_message":"","jetpack_publicize_feature_enabled":true,"jetpack_social_post_already_shared":true,"jetpack_social_options":{"image_generator_settings":{"template":"highway","default_image_id":0,"font":"","enabled":false},"version":2}},"product_cat":[120],"product_tag":[],"class_list":["post-52268","product","type-product","status-publish","has-post-thumbnail","hentry","product_cat-plyta-gipsowa-pioro-wpust"],"jetpack_publicize_connections":[],"jetpack_sharing_enabled":true,"_links":{"self":[{"href":"https:\/\/gartec.com.ua\/pl\/wp-json\/wp\/v3\/product\/52268","targetHints":{"allow":["GET"]}}],"collection":[{"href":"https:\/\/gartec.com.ua\/pl\/wp-json\/wp\/v3\/product"}],"about":[{"href":"https:\/\/gartec.com.ua\/pl\/wp-json\/wp\/v2\/types\/product"}],"replies":[{"embeddable":true,"href":"https:\/\/gartec.com.ua\/pl\/wp-json\/wp\/v2\/comments?post=52268"}],"wp:featuredmedia":[{"embeddable":true,"href":"https:\/\/gartec.com.ua\/pl\/wp-json\/wp\/v2\/media\/52271"}],"wp:attachment":[{"href":"https:\/\/gartec.com.ua\/pl\/wp-json\/wp\/v2\/media?parent=52268"}],"wp:term":[{"taxonomy":"product_cat","embeddable":true,"href":"https:\/\/gartec.com.ua\/pl\/wp-json\/wp\/v2\/product_cat?post=52268"},{"taxonomy":"product_tag","embeddable":true,"href":"https:\/\/gartec.com.ua\/pl\/wp-json\/wp\/v2\/product_tag?post=52268"}],"curies":[{"name":"wp","href":"https:\/\/api.w.org\/{rel}","templated":true}]}}