{"id":52317,"date":"2022-07-21T15:03:26","date_gmt":"2022-07-21T13:03:26","guid":{"rendered":"https:\/\/gartec.com.ua\/?post_type=product&#038;p=52317"},"modified":"2022-07-21T15:11:47","modified_gmt":"2022-07-21T13:11:47","slug":"siatka-ogrodzeniowa-40x40","status":"publish","type":"product","link":"https:\/\/gartec.com.ua\/pl\/produkt\/siatka-ogrodzeniowa-40x40\/","title":{"rendered":"Siatka ogrodzeniowa 40&#215;40"},"content":{"rendered":"<p>Siatka ogrodzeniowa jest trwa\u0142ym i niezawodnym materia\u0142em do oddzielania teren\u00f3w prywatnych i publicznych, oddzielania teren\u00f3w rekreacyjnych ludzi od innych cz\u0119\u015bci terenu, ochrony ogrodu czy ogr\u00f3dka warzywnego przed drobnymi i du\u017cymi zwierz\u0119tami.<\/p>\n","protected":false},"excerpt":{"rendered":"<p>&nbsp;<\/p>\n<p><strong>Producent<\/strong>: Ukraina Gartec<br \/>\n<strong>Rozmiar rolki<\/strong>: 1,5x20m<br \/>\n<strong>Rozmiar kom\u00f3rki<\/strong>: 40x40mm<br \/>\n<strong>Waga<\/strong>: 10 kg<br \/>\nZielony <strong>kolor<\/strong><br \/>\n<strong>Materia\u0142<\/strong>: polietylen;<\/p>\n","protected":false},"featured_media":52320,"comment_status":"open","ping_status":"closed","template":"","meta":{"_et_pb_use_builder":"","_et_pb_old_content":"","_et_gb_content_width":"","jetpack_post_was_ever_published":false,"jetpack_publicize_message":"","jetpack_publicize_feature_enabled":true,"jetpack_social_post_already_shared":true,"jetpack_social_options":{"image_generator_settings":{"template":"highway","default_image_id":0,"font":"","enabled":false},"version":2}},"product_cat":[57],"product_tag":[],"class_list":["post-52317","product","type-product","status-publish","has-post-thumbnail","hentry","product_cat-plastikowa-siatka"],"jetpack_publicize_connections":[],"jetpack_sharing_enabled":true,"_links":{"self":[{"href":"https:\/\/gartec.com.ua\/pl\/wp-json\/wp\/v3\/product\/52317","targetHints":{"allow":["GET"]}}],"collection":[{"href":"https:\/\/gartec.com.ua\/pl\/wp-json\/wp\/v3\/product"}],"about":[{"href":"https:\/\/gartec.com.ua\/pl\/wp-json\/wp\/v2\/types\/product"}],"replies":[{"embeddable":true,"href":"https:\/\/gartec.com.ua\/pl\/wp-json\/wp\/v2\/comments?post=52317"}],"wp:featuredmedia":[{"embeddable":true,"href":"https:\/\/gartec.com.ua\/pl\/wp-json\/wp\/v2\/media\/52320"}],"wp:attachment":[{"href":"https:\/\/gartec.com.ua\/pl\/wp-json\/wp\/v2\/media?parent=52317"}],"wp:term":[{"taxonomy":"product_cat","embeddable":true,"href":"https:\/\/gartec.com.ua\/pl\/wp-json\/wp\/v2\/product_cat?post=52317"},{"taxonomy":"product_tag","embeddable":true,"href":"https:\/\/gartec.com.ua\/pl\/wp-json\/wp\/v2\/product_tag?post=52317"}],"curies":[{"name":"wp","href":"https:\/\/api.w.org\/{rel}","templated":true}]}}