{"id":52329,"date":"2022-07-21T15:12:18","date_gmt":"2022-07-21T13:12:19","guid":{"rendered":"https:\/\/gartec.com.ua\/?post_type=product&#038;p=52329"},"modified":"2025-02-09T22:42:22","modified_gmt":"2025-02-09T20:42:22","slug":"siatka-dekoracyjna","status":"publish","type":"product","link":"https:\/\/gartec.com.ua\/pl\/produkt\/siatka-dekoracyjna\/","title":{"rendered":"Siatka dekoracyjna"},"content":{"rendered":"<p>Siatka ozdobna s\u0142u\u017cy do ogrodzenia terenu, budowy ogrodze\u0144 dla ma\u0142ych zwierz\u0105t, jako podpora dla pn\u0105czy.<\/p>\n","protected":false},"excerpt":{"rendered":"<p><strong>Szeroko\u015b\u0107<\/strong>: 1,5 m<br \/>\n<strong>D\u0142ugo\u015b\u0107<\/strong>: 20 m<br \/>\n<strong>Rozmiar kom\u00f3rki<\/strong>: 30\u044520mm<br \/>\n<strong>Waga<\/strong>: 10 kg<br \/>\n<strong>Kolor<\/strong>: Zielony<br \/>\n<strong>Materia\u0142<\/strong>: polietylen<br \/>\n<strong>Producent<\/strong>: VK Gartek LLC, Ukraina<br \/>\nWyprodukowano zgodnie z TU 07-06-24<br \/>\nCena za rolk\u0119<\/p>\n","protected":false},"featured_media":52332,"comment_status":"open","ping_status":"closed","template":"","meta":{"_et_pb_use_builder":"","_et_pb_old_content":"","_et_gb_content_width":"","jetpack_post_was_ever_published":false,"jetpack_publicize_message":"","jetpack_publicize_feature_enabled":true,"jetpack_social_post_already_shared":true,"jetpack_social_options":{"image_generator_settings":{"template":"highway","default_image_id":0,"font":"","enabled":false},"version":2}},"product_cat":[57],"product_tag":[],"class_list":["post-52329","product","type-product","status-publish","has-post-thumbnail","hentry","product_cat-plastikowa-siatka"],"jetpack_publicize_connections":[],"jetpack_sharing_enabled":true,"_links":{"self":[{"href":"https:\/\/gartec.com.ua\/pl\/wp-json\/wp\/v3\/product\/52329","targetHints":{"allow":["GET"]}}],"collection":[{"href":"https:\/\/gartec.com.ua\/pl\/wp-json\/wp\/v3\/product"}],"about":[{"href":"https:\/\/gartec.com.ua\/pl\/wp-json\/wp\/v2\/types\/product"}],"replies":[{"embeddable":true,"href":"https:\/\/gartec.com.ua\/pl\/wp-json\/wp\/v2\/comments?post=52329"}],"wp:featuredmedia":[{"embeddable":true,"href":"https:\/\/gartec.com.ua\/pl\/wp-json\/wp\/v2\/media\/52332"}],"wp:attachment":[{"href":"https:\/\/gartec.com.ua\/pl\/wp-json\/wp\/v2\/media?parent=52329"}],"wp:term":[{"taxonomy":"product_cat","embeddable":true,"href":"https:\/\/gartec.com.ua\/pl\/wp-json\/wp\/v2\/product_cat?post=52329"},{"taxonomy":"product_tag","embeddable":true,"href":"https:\/\/gartec.com.ua\/pl\/wp-json\/wp\/v2\/product_tag?post=52329"}],"curies":[{"name":"wp","href":"https:\/\/api.w.org\/{rel}","templated":true}]}}