{"id":52818,"date":"2026-03-18T12:59:28","date_gmt":"2026-03-18T10:59:33","guid":{"rendered":"https:\/\/gartec.com.ua\/?post_type=product&#038;p=52818"},"modified":"2026-03-18T13:08:35","modified_gmt":"2026-03-18T11:08:35","slug":"granica-ogrodowa-universal-max-6-m-brazowy","status":"publish","type":"product","link":"https:\/\/gartec.com.ua\/pl\/produkt\/granica-ogrodowa-universal-max-6-m-brazowy\/","title":{"rendered":"Granica ogrodowa &#8222;Universal\u201d MAX 6 m (br\u0105zowy)"},"content":{"rendered":"<p>Przeznaczony jest do urz\u0105dzenia \u0142\u00f3\u017cek, \u015bcie\u017cek pieszych, doskonale rozdziela kor\u0119, \u017cwir, kamienie ozdobne. <br \/><strong>Zalety:<\/strong> <br \/>\u21d2 \u0141atwa instalacja bez wykop\u00f3w <br \/>\u21d2 Instalacja, zar\u00f3wno wzd\u0142u\u017c prostych, jak i zakrzywionych linii bez dodatkowych ci\u0119\u0107 <br \/>\u21d2 Odporny na promieniowanie UV<\/p>\n<p><b>Producent:<\/b> &#8222;VK Gartek&#8221; LLC, Ukraina. <br \/>Wyprodukowano zgodnie ze Standardami Technicznymi Ukrainy 22.2-3155524719-001:2024.<\/p>\n","protected":false},"excerpt":{"rendered":"<p><strong>Wysoko\u015b\u0107:<\/strong> 60 mm <br \/><strong>Szeroko\u015b\u0107:<\/strong> 40 mm <br \/><strong>D\u0142ugo\u015b\u0107:<\/strong> 6 m <br \/><strong>Waga netto:<\/strong> 2,30 kg (+ 5%) <br \/><strong>Kolor:<\/strong> czarny, br\u0105zowy <br \/><strong>Okres wa\u017cno\u015bci:<\/strong> nieograniczony <br \/><strong>Zapakowany rozmiar wn\u0119ki:<\/strong> 36x36x7 cm (\u00b1 3%) <br \/><b>Producent:<\/b> &#8222;Gartek&#8221; LLC, Ukraina. Zestaw zawiera 15 sztuk plastikowe ko\u0142ki do mocowania<\/p>\n","protected":false},"featured_media":52822,"comment_status":"open","ping_status":"closed","template":"","meta":{"_et_pb_use_builder":"","_et_pb_old_content":"","_et_gb_content_width":"","jetpack_post_was_ever_published":false,"jetpack_publicize_message":"","jetpack_publicize_feature_enabled":true,"jetpack_social_post_already_shared":true,"jetpack_social_options":{"image_generator_settings":{"template":"highway","default_image_id":0,"font":"","enabled":false},"version":2}},"product_cat":[116],"product_tag":[],"class_list":["post-52818","product","type-product","status-publish","has-post-thumbnail","hentry","product_cat-eco-border-uniwersalna"],"jetpack_publicize_connections":[],"jetpack_sharing_enabled":true,"_links":{"self":[{"href":"https:\/\/gartec.com.ua\/pl\/wp-json\/wp\/v3\/product\/52818","targetHints":{"allow":["GET"]}}],"collection":[{"href":"https:\/\/gartec.com.ua\/pl\/wp-json\/wp\/v3\/product"}],"about":[{"href":"https:\/\/gartec.com.ua\/pl\/wp-json\/wp\/v2\/types\/product"}],"replies":[{"embeddable":true,"href":"https:\/\/gartec.com.ua\/pl\/wp-json\/wp\/v2\/comments?post=52818"}],"wp:featuredmedia":[{"embeddable":true,"href":"https:\/\/gartec.com.ua\/pl\/wp-json\/wp\/v2\/media\/52822"}],"wp:attachment":[{"href":"https:\/\/gartec.com.ua\/pl\/wp-json\/wp\/v2\/media?parent=52818"}],"wp:term":[{"taxonomy":"product_cat","embeddable":true,"href":"https:\/\/gartec.com.ua\/pl\/wp-json\/wp\/v2\/product_cat?post=52818"},{"taxonomy":"product_tag","embeddable":true,"href":"https:\/\/gartec.com.ua\/pl\/wp-json\/wp\/v2\/product_tag?post=52818"}],"curies":[{"name":"wp","href":"https:\/\/api.w.org\/{rel}","templated":true}]}}